{"id":9,"date":"2013-10-23T13:47:27","date_gmt":"2013-10-23T13:47:27","guid":{"rendered":"http:\/\/test.carrierturf.se\/?page_id=9"},"modified":"2017-03-10T12:29:19","modified_gmt":"2017-03-10T12:29:19","slug":"dealer","status":"publish","type":"page","link":"http:\/\/carrierturf.se\/?page_id=9","title":{"rendered":"Dealer"},"content":{"rendered":"<p><iframe loading=\"lazy\" src=\"http:\/\/carrierturf.se\/wp-content\/uploads\/2014\/04\/map140407.html\" height=\"400\" width=\"500\"><\/iframe><\/p>\n<div class=\"dealer\">\n<div class=\"left\"><strong>Stockholms Golf &amp; Turf AB<\/strong><br \/>\nBj\u00f6rksta Orresta G\u00e5rd<br \/>\n725 96 V\u00e4ster\u00e5s<br \/>\n<a href=\"http:\/\/golfoturf.se\" target=\"_blank\">www.golfoturf.se<\/a><br \/>\nSWEDEN<\/div>\n<div class=\"left\"><strong>A\/S Havdrup Maskinforretning<\/strong><br \/>\nSalbjergvej 4, Havdrup<br \/>\n<a href=\"http:\/\/havdrup-maskinforretning.dk\" target=\"_blank\">www.havdrup-maskinforretning.dk<\/a><br \/>\nDENMARK<\/div>\n<div class=\"clear\"><\/div>\n<div class=\"left\"><strong>Reinhardt maskin AS<\/strong><br \/>\nHvamveien 2, Skjetten<br \/>\n<a href=\"http:\/\/www.reinhardt.no\" target=\"_blank\">www.reinhardt.no<\/a><br \/>\nNORWAY<\/div>\n<div class=\"left\"><strong>Golden Pro Oy<\/strong><br \/>\nRosbackav\u00e4gen 1b, Vanda<br \/>\n<a href=\"http:\/\/www.goldenpro.fi\" target=\"_blank\">www.goldenpro.fi<\/a><br \/>\nFINLAND<\/div>\n<div class=\"clear\"><\/div>\n<div class=\"left\"><strong>Pena Kommunaltechnik<\/strong><br \/>\n21502 Geesthacht<br \/>\n<a href=\"http:\/\/www.pena-landmaschinen.de\" target=\"_blank\">www.pena-landmaschinen.de<\/a><br \/>\nGERMANY<\/div>\n<div class=\"left\"><strong>UTV AG<\/strong><br \/>\n3250 Lyss<br \/>\n<a href=\"http:\/\/www.utv.ch\" target=\"_blank\">www.utv.ch<\/a><br \/>\nSWITZERLAND<\/div>\n<div class=\"left\"><strong>MACDIS<\/strong><br \/>\n27 Rue de la Fontaine, Chamouilley<br \/>\n<a href=\"http:\/\/www.macdis.fr\" target=\"_blank\">www.macdis.fr<\/a><br \/>\nFRANCE<\/div>\n<\/div>\n","protected":false},"excerpt":{"rendered":"<p>Stockholms Golf &amp; Turf AB Bj\u00f6rksta Orresta G\u00e5rd 725 96 V\u00e4ster\u00e5s www.golfoturf.se SWEDEN A\/S Havdrup Maskinforretning Salbjergvej 4, Havdrup www.havdrup-maskinforretning.dk DENMARK Reinhardt maskin AS Hvamveien 2, Skjetten www.reinhardt.no NORWAY Golden Pro Oy Rosbackav\u00e4gen 1b, Vanda www.goldenpro.fi FINLAND Pena Kommunaltechnik 21502 &hellip;<\/p>\n<p class=\"read-more\"> <a class=\"more-link\" href=\"http:\/\/carrierturf.se\/?page_id=9\"> <span class=\"screen-reader-text\">Dealer<\/span> L\u00e4s mer &raquo;<\/a><\/p>\n","protected":false},"author":1,"featured_media":0,"parent":0,"menu_order":3,"comment_status":"closed","ping_status":"closed","template":"","meta":{"footnotes":""},"class_list":["post-9","page","type-page","status-publish","hentry"],"_links":{"self":[{"href":"http:\/\/carrierturf.se\/index.php?rest_route=\/wp\/v2\/pages\/9","targetHints":{"allow":["GET"]}}],"collection":[{"href":"http:\/\/carrierturf.se\/index.php?rest_route=\/wp\/v2\/pages"}],"about":[{"href":"http:\/\/carrierturf.se\/index.php?rest_route=\/wp\/v2\/types\/page"}],"author":[{"embeddable":true,"href":"http:\/\/carrierturf.se\/index.php?rest_route=\/wp\/v2\/users\/1"}],"replies":[{"embeddable":true,"href":"http:\/\/carrierturf.se\/index.php?rest_route=%2Fwp%2Fv2%2Fcomments&post=9"}],"version-history":[{"count":67,"href":"http:\/\/carrierturf.se\/index.php?rest_route=\/wp\/v2\/pages\/9\/revisions"}],"predecessor-version":[{"id":359,"href":"http:\/\/carrierturf.se\/index.php?rest_route=\/wp\/v2\/pages\/9\/revisions\/359"}],"wp:attachment":[{"href":"http:\/\/carrierturf.se\/index.php?rest_route=%2Fwp%2Fv2%2Fmedia&parent=9"}],"curies":[{"name":"wp","href":"https:\/\/api.w.org\/{rel}","templated":true}]}}