{"id":15,"date":"2013-10-23T13:49:11","date_gmt":"2013-10-23T13:49:11","guid":{"rendered":"http:\/\/test.carrierturf.se\/?page_id=15"},"modified":"2013-11-06T20:52:18","modified_gmt":"2013-11-06T20:52:18","slug":"contact","status":"publish","type":"page","link":"http:\/\/carrierturf.se\/?page_id=15","title":{"rendered":"Contact"},"content":{"rendered":"<p><strong>You can reach us by e-mail, telephone, fax or mail. We will be happy to answer any questions you may have.<\/strong><\/p>\n<p><strong>Carrier Turf Sweden AB<\/strong><br \/>\nBox 586<br \/>\nSE-721 10 V\u00e4ster\u00e5s<br \/>\nSweden<\/p>\n<p><strong>Delivery address:<\/strong><br \/>\nCarrier Turf Sweden AB<br \/>\nBj\u00f6rksta Orresta G\u00e5rd<br \/>\nSE-725 96 V\u00e4ster\u00e5s<br \/>\nSweden<\/p>\n<p><strong>Phone:<\/strong><br \/>\n+46 8 590 827 20<\/p>\n<p><strong>E-mail:<\/strong><br \/>\n<a href=\"mailto:info@carrierturf.se\">info@carrierturf.se<\/a><\/p>\n<p><strong>Web:<\/strong><br \/>\n<a href=\"http:\/\/www.carrierturf.se\" target=\"_blank\">www.carrierturf.se<\/a><\/p>\n","protected":false},"excerpt":{"rendered":"<p>You can reach us by e-mail, telephone, fax or mail. We will be happy to answer any questions you may have. Carrier Turf Sweden AB Box 586 SE-721 10 V\u00e4ster\u00e5s Sweden Delivery address: Carrier Turf Sweden AB Bj\u00f6rksta Orresta G\u00e5rd &hellip;<\/p>\n<p class=\"read-more\"> <a class=\"more-link\" href=\"http:\/\/carrierturf.se\/?page_id=15\"> <span class=\"screen-reader-text\">Contact<\/span> L\u00e4s mer &raquo;<\/a><\/p>\n","protected":false},"author":1,"featured_media":0,"parent":0,"menu_order":6,"comment_status":"closed","ping_status":"closed","template":"","meta":{"footnotes":""},"class_list":["post-15","page","type-page","status-publish","hentry"],"_links":{"self":[{"href":"http:\/\/carrierturf.se\/index.php?rest_route=\/wp\/v2\/pages\/15","targetHints":{"allow":["GET"]}}],"collection":[{"href":"http:\/\/carrierturf.se\/index.php?rest_route=\/wp\/v2\/pages"}],"about":[{"href":"http:\/\/carrierturf.se\/index.php?rest_route=\/wp\/v2\/types\/page"}],"author":[{"embeddable":true,"href":"http:\/\/carrierturf.se\/index.php?rest_route=\/wp\/v2\/users\/1"}],"replies":[{"embeddable":true,"href":"http:\/\/carrierturf.se\/index.php?rest_route=%2Fwp%2Fv2%2Fcomments&post=15"}],"version-history":[{"count":10,"href":"http:\/\/carrierturf.se\/index.php?rest_route=\/wp\/v2\/pages\/15\/revisions"}],"predecessor-version":[{"id":208,"href":"http:\/\/carrierturf.se\/index.php?rest_route=\/wp\/v2\/pages\/15\/revisions\/208"}],"wp:attachment":[{"href":"http:\/\/carrierturf.se\/index.php?rest_route=%2Fwp%2Fv2%2Fmedia&parent=15"}],"curies":[{"name":"wp","href":"https:\/\/api.w.org\/{rel}","templated":true}]}}